{"id":22,"date":"2025-07-04T19:23:48","date_gmt":"2025-07-04T17:23:48","guid":{"rendered":"https:\/\/dominusnox.ch\/?page_id=22"},"modified":"2026-01-11T00:53:25","modified_gmt":"2026-01-10T22:53:25","slug":"ueber","status":"publish","type":"page","link":"https:\/\/dominusnox.ch\/?page_id=22","title":{"rendered":"\u00dcber den Master"},"content":{"rendered":"\n<p>Willkommen in meinem Online-Dungeon. <\/p>\n\n\n\n<figure class=\"wp-block-image size-large is-resized wp-duotone-2a0600-ffa96b-1\"><img fetchpriority=\"high\" decoding=\"async\" width=\"821\" height=\"1024\" src=\"https:\/\/dominusnox.ch\/wp-content\/uploads\/2026\/01\/PXL_20251022_2031499592-821x1024.jpg\" alt=\"\" class=\"wp-image-88\" style=\"aspect-ratio:0.8017646060743171;width:306px;height:auto\" srcset=\"https:\/\/dominusnox.ch\/wp-content\/uploads\/2026\/01\/PXL_20251022_2031499592-821x1024.jpg 821w, https:\/\/dominusnox.ch\/wp-content\/uploads\/2026\/01\/PXL_20251022_2031499592-240x300.jpg 240w, https:\/\/dominusnox.ch\/wp-content\/uploads\/2026\/01\/PXL_20251022_2031499592-768x958.jpg 768w, https:\/\/dominusnox.ch\/wp-content\/uploads\/2026\/01\/PXL_20251022_2031499592-1231x1536.jpg 1231w, https:\/\/dominusnox.ch\/wp-content\/uploads\/2026\/01\/PXL_20251022_2031499592.jpg 1436w\" sizes=\"(max-width: 821px) 100vw, 821px\" \/><\/figure>\n\n\n\n<p>Ich bin seit ein paar Jahren in der BDSM- und Fetischszene aktiv als Dom, also als dominanter Part und Gegenst\u00fcck zu einer Sub(missive). Da ich das Wort &#8222;Dom&#8220; an sich nicht sehr mag, solltest Du den Begriff &#8222;Master&#8220; in meiner Gegenwart verwenden.<\/p>\n\n\n\n<p>Ja, mein Handle Dominus Nox ist zugegebenermassen sehr ausgefallen. Es ist eine Hommage an ein Lebewesen namens Nox, das einen hohen Stellenwert in meinem Leben hatte. Und Dominus ist als \u00dcbersetzung &#8222;Herr&#8220; dazu passend, ebenso im D\/s Bereich &#8211; darum eben Dominus Nox \ud83d\ude42 <\/p>\n\n\n\n<p>Wenn Du dich f\u00fcr das Thema BDSM im Allgemeinen interessierst, empfehle ich Dir den gleichnamigen BDSM Podcast von Jona Mondlicht und Devana auf Spotify. Sie vermitteln Interessierten und Einsteigern monatlich eine warmherzige Basis f\u00fcr alle Themen rund um unsere Passion. Ebenso wie auf ihren Seiten <a href=\"https:\/\/www.schattenzeilen.de\/\">schattenzeilen.de<\/a>   (mit Forum)  und <a href=\"https:\/\/www.devana.de\/\">devana.de<\/a> .<\/p>\n\n\n\n<p>Wenn du bereits mit Tantra und anderen Praktiken Erfahrung haben solltest, wirst du vielleicht so wie ich ein paar Parallelen entdecken. Als Dom\/Sub Partner ist es auch ein Geben und ein Nehmen, grob gesagt. Das ist je nach Spielart mal sanfter und mal h\u00e4rter ausgepr\u00e4gt. Ich pers\u00f6nlich bevorzuge die &#8222;weiche&#8220; Spielart mit angenehmer Musik im Hintergrund, Spiegeln, Kerzen (auch Wachs), sanftem Einstieg mit meiner Hand auf deiner Haut, und je nach Sessioninhalt und gemeinsamer Vorplanung diverse Szenarien, Fesselung, Demut, Lust durch Schmerz und reiner Vorstellungskraft, u.a.<\/p>\n\n\n\n<p>M\u00f6glich sind Outdoor-Sessions am Flussufer, im Wald zwischen B\u00e4umen, in den Bergen, &#8230; sowie in meinem kleinen eigenen Dungeon mit Toys und Werkzeugen aus Silikon, Gummi, Latex, Leder, Holz und Metall. Gl\u00fccklicherweise befindet sich nicht weit weg von meinem eigenen Standort ein sehr gut ausgestatteter Playroom zur Miete, wo ich auf weitere W\u00fcnsche eingehen kann, die meinen privaten Rahmen sprengen w\u00fcrden. Selbstverst\u00e4ndlich darfst Du auch Dein eigenes Equipment zu sp\u00fcren bekommen.<\/p>\n\n\n\n<p>Wichtig sind mir Hygiene und ein angenehmes Niveau. Struppige Haare, zu viel an K\u00f6rperbehaarung, und andere k\u00f6rperliche Anzeichen von Ungepflegtheit sind ein No-Go. Auf Gewicht und Modelmasse lege ich weniger Wert. <\/p>\n\n\n\n<p>Du hast Interesse daran, gemeinsam sinnliche Abenteuer ohne Reue zu erleben? Gemeinsame abwechslungsreiche Sessions zu erfahren? Dann kontaktiere mich beispielsweise auf <a href=\"https:\/\/www.joyclub.de\/profile\/11210568.dominus_nox.html\">Joyclub<\/a> und wir treffen uns vorab in zivil, um alles zu besprechen und deine und meine Do&#8217;s and Don&#8217;ts durchzugehen und schriftlich festzuhalten. Diese Checkliste hilft uns zu unterscheiden, ob es etwas ist das du wirklich erleben m\u00f6chtest, oder ob es nur Tr\u00e4ume sind die man real lieber nicht umsetzen m\u00f6chte. Auch ich habe meine Grenzen. Aber wer weiss, vielleicht gehen wir gemeinsam auch neue Wege. Das entscheidet wie immer die Sympathie. Nat\u00fcrlich darfst auch Du neue Spielarten mit einbringen.<\/p>\n\n\n\n<p>Ich freue mich auf deine Nachricht. Trau dich \ud83d\ude09 <\/p>\n\n\n\n<p>Diskretion ist Ehrensache: &#8222;Was im Dungeon passiert, bleibt im Dungeon.&#8220;<\/p>\n\n\n\n<p>Der Master<br>Dominus Nox<\/p>\n\n\n\n<p class=\"has-small-font-size\"><\/p>\n","protected":false},"excerpt":{"rendered":"<p>Willkommen in meinem Online-Dungeon. Ich bin seit ein paar Jahren in der BDSM- [&hellip;]<\/p>\n","protected":false},"author":1,"featured_media":54,"parent":0,"menu_order":0,"comment_status":"closed","ping_status":"closed","template":"","meta":{"footnotes":""},"class_list":["post-22","page","type-page","status-publish","has-post-thumbnail","hentry"],"_links":{"self":[{"href":"https:\/\/dominusnox.ch\/index.php?rest_route=\/wp\/v2\/pages\/22","targetHints":{"allow":["GET"]}}],"collection":[{"href":"https:\/\/dominusnox.ch\/index.php?rest_route=\/wp\/v2\/pages"}],"about":[{"href":"https:\/\/dominusnox.ch\/index.php?rest_route=\/wp\/v2\/types\/page"}],"author":[{"embeddable":true,"href":"https:\/\/dominusnox.ch\/index.php?rest_route=\/wp\/v2\/users\/1"}],"replies":[{"embeddable":true,"href":"https:\/\/dominusnox.ch\/index.php?rest_route=%2Fwp%2Fv2%2Fcomments&post=22"}],"version-history":[{"count":8,"href":"https:\/\/dominusnox.ch\/index.php?rest_route=\/wp\/v2\/pages\/22\/revisions"}],"predecessor-version":[{"id":142,"href":"https:\/\/dominusnox.ch\/index.php?rest_route=\/wp\/v2\/pages\/22\/revisions\/142"}],"wp:featuredmedia":[{"embeddable":true,"href":"https:\/\/dominusnox.ch\/index.php?rest_route=\/wp\/v2\/media\/54"}],"wp:attachment":[{"href":"https:\/\/dominusnox.ch\/index.php?rest_route=%2Fwp%2Fv2%2Fmedia&parent=22"}],"curies":[{"name":"wp","href":"https:\/\/api.w.org\/{rel}","templated":true}]}}