{"id":21,"date":"2025-07-04T19:23:48","date_gmt":"2025-07-04T17:23:48","guid":{"rendered":"https:\/\/dominusnox.ch\/?page_id=21"},"modified":"2026-01-10T17:20:49","modified_gmt":"2026-01-10T15:20:49","slug":"startseite","status":"publish","type":"page","link":"https:\/\/dominusnox.ch\/","title":{"rendered":"Startseite"},"content":{"rendered":"\n<p>Willkommen auf meiner Homepage. F\u00fcr weitere Infos navigiere bitte im Men\u00fc zu &#8222;\u00dcber den Master&#8220; oder in den Blogbereich f\u00fcr News.<\/p>\n\n\n\n<p><\/p>\n","protected":false},"excerpt":{"rendered":"<p>Willkommen auf meiner Homepage. F\u00fcr weitere Infos navigiere bitte im Men\u00fc zu &#8222;\u00dcber [&hellip;]<\/p>\n","protected":false},"author":1,"featured_media":54,"parent":0,"menu_order":0,"comment_status":"closed","ping_status":"closed","template":"","meta":{"footnotes":""},"class_list":["post-21","page","type-page","status-publish","has-post-thumbnail","hentry"],"_links":{"self":[{"href":"https:\/\/dominusnox.ch\/index.php?rest_route=\/wp\/v2\/pages\/21","targetHints":{"allow":["GET"]}}],"collection":[{"href":"https:\/\/dominusnox.ch\/index.php?rest_route=\/wp\/v2\/pages"}],"about":[{"href":"https:\/\/dominusnox.ch\/index.php?rest_route=\/wp\/v2\/types\/page"}],"author":[{"embeddable":true,"href":"https:\/\/dominusnox.ch\/index.php?rest_route=\/wp\/v2\/users\/1"}],"replies":[{"embeddable":true,"href":"https:\/\/dominusnox.ch\/index.php?rest_route=%2Fwp%2Fv2%2Fcomments&post=21"}],"version-history":[{"count":4,"href":"https:\/\/dominusnox.ch\/index.php?rest_route=\/wp\/v2\/pages\/21\/revisions"}],"predecessor-version":[{"id":75,"href":"https:\/\/dominusnox.ch\/index.php?rest_route=\/wp\/v2\/pages\/21\/revisions\/75"}],"wp:featuredmedia":[{"embeddable":true,"href":"https:\/\/dominusnox.ch\/index.php?rest_route=\/wp\/v2\/media\/54"}],"wp:attachment":[{"href":"https:\/\/dominusnox.ch\/index.php?rest_route=%2Fwp%2Fv2%2Fmedia&parent=21"}],"curies":[{"name":"wp","href":"https:\/\/api.w.org\/{rel}","templated":true}]}}